{"id":86,"date":"2025-09-29T08:18:09","date_gmt":"2025-09-29T08:18:09","guid":{"rendered":"https:\/\/radka.tvorbawebu.online\/?page_id=86"},"modified":"2025-11-03T17:00:28","modified_gmt":"2025-11-03T17:00:28","slug":"uvod","status":"publish","type":"page","link":"https:\/\/radka.tvorbawebu.online\/en\/","title":{"rendered":"\u00davod"},"content":{"rendered":"<div data-elementor-type=\"wp-page\" data-elementor-id=\"86\" class=\"elementor elementor-86\" data-elementor-post-type=\"page\">\n\t\t\t\t<div class=\"elementor-element elementor-element-e257e9b e-con-full e-flex e-con e-parent\" data-id=\"e257e9b\" data-element_type=\"container\" data-e-type=\"container\">\n\t\t\t\t<div class=\"elementor-element elementor-element-3b93d0b elementor--h-position-left elementor--v-position-middle elementor-pagination-position-inside elementor-widget elementor-widget-slides\" data-id=\"3b93d0b\" data-element_type=\"widget\" data-e-type=\"widget\" data-settings=\"{&quot;navigation&quot;:&quot;dots&quot;,&quot;transition&quot;:&quot;fade&quot;,&quot;autoplay&quot;:&quot;yes&quot;,&quot;pause_on_hover&quot;:&quot;yes&quot;,&quot;pause_on_interaction&quot;:&quot;yes&quot;,&quot;autoplay_speed&quot;:5000,&quot;infinite&quot;:&quot;yes&quot;,&quot;transition_speed&quot;:500}\" data-widget_type=\"slides.default\">\n\t\t\t\t\t\t\t\t\t\t<div class=\"elementor-slides-wrapper elementor-main-swiper swiper\" role=\"region\" aria-roledescription=\"carousel\" aria-label=\"Slides\" dir=\"ltr\" data-animation=\"\">\n\t\t\t\t<div class=\"swiper-wrapper elementor-slides\">\n\t\t\t\t\t\t\t\t\t\t<div class=\"elementor-repeater-item-192de78 swiper-slide\" role=\"group\" aria-roledescription=\"slide\"><div class=\"swiper-slide-bg\" role=\"img\" aria-label=\"Vzd\u011bl\u00e1v\u00e1n\u00ed\"><\/div><a class=\"swiper-slide-inner\" href=\"\/en\/vyzkum\/\"><div class=\"swiper-slide-contents\"><div class=\"elementor-slide-heading\">V\u00fdzkum<\/div><div  class=\"elementor-button elementor-slide-button elementor-size-sm\">V\u00edce informac\u00ed<\/div><\/div><\/a><\/div><div class=\"elementor-repeater-item-3416c0a swiper-slide\" role=\"group\" aria-roledescription=\"slide\"><div class=\"swiper-slide-bg\" role=\"img\" aria-label=\"vzdelavani\"><\/div><a class=\"swiper-slide-inner\" href=\"\/en\/vzdelavani\/\"><div class=\"swiper-slide-contents\"><div class=\"elementor-slide-heading\">Vzd\u011bl\u00e1v\u00e1n\u00ed<\/div><div  class=\"elementor-button elementor-slide-button elementor-size-sm\">V\u00edce informac\u00ed<\/div><\/div><\/a><\/div><div class=\"elementor-repeater-item-5110f29 swiper-slide\" role=\"group\" aria-roledescription=\"slide\"><div class=\"swiper-slide-bg\" role=\"img\" aria-label=\"o_nas\"><\/div><a class=\"swiper-slide-inner\" href=\"\/en\/terapeuticky-vycvik\/\"><div class=\"swiper-slide-contents\"><div class=\"elementor-slide-heading\">Psychoterapeutick\u00fd v\u00fdcvik<\/div><div  class=\"elementor-button elementor-slide-button elementor-size-sm\">V\u00edce informac\u00ed<\/div><\/div><\/a><\/div><div class=\"elementor-repeater-item-750cd48 swiper-slide\" role=\"group\" aria-roledescription=\"slide\"><div class=\"swiper-slide-bg\" role=\"img\" aria-label=\"terapeuticke-centrum\"><\/div><a class=\"swiper-slide-inner\" href=\"\/en\/terapeuticke-centrum\/\"><div class=\"swiper-slide-contents\"><div class=\"elementor-slide-heading\">Terapeutick\u00e9 centrum<\/div><div  class=\"elementor-button elementor-slide-button elementor-size-sm\">V\u00edce informac\u00ed<\/div><\/div><\/a><\/div>\t\t\t\t<\/div>\n\t\t\t\t\t\t\t\t\t\t\t\t\t\t\t\t\t\t\t\t<div class=\"swiper-pagination\"><\/div>\n\t\t\t\t\t\t\t\t\t\t\t\t<\/div>\n\t\t\t\t\t\t\t\t<\/div>\n\t\t\t\t<\/div>\n\t\t<div class=\"elementor-element elementor-element-1df211c e-flex e-con-boxed e-con e-parent\" data-id=\"1df211c\" data-element_type=\"container\" data-e-type=\"container\" data-settings=\"{&quot;background_background&quot;:&quot;classic&quot;}\">\n\t\t\t\t\t<div class=\"e-con-inner\">\n\t\t\t\t<div class=\"elementor-element elementor-element-05e37c7 elementor-widget elementor-widget-text-editor\" data-id=\"05e37c7\" data-element_type=\"widget\" data-e-type=\"widget\" data-widget_type=\"text-editor.default\">\n\t\t\t\t\t\t\t\t\t<h2>Aktuality<\/h2>\t\t\t\t\t\t\t\t<\/div>\n\t\t\t\t<div class=\"elementor-element elementor-element-0f8b692 elementor-grid-3 elementor-grid-tablet-2 elementor-grid-mobile-1 elementor-posts--thumbnail-top elementor-widget elementor-widget-posts\" data-id=\"0f8b692\" data-element_type=\"widget\" data-e-type=\"widget\" data-settings=\"{&quot;classic_columns&quot;:&quot;3&quot;,&quot;classic_columns_tablet&quot;:&quot;2&quot;,&quot;classic_columns_mobile&quot;:&quot;1&quot;,&quot;classic_row_gap&quot;:{&quot;unit&quot;:&quot;px&quot;,&quot;size&quot;:35,&quot;sizes&quot;:[]},&quot;classic_row_gap_tablet&quot;:{&quot;unit&quot;:&quot;px&quot;,&quot;size&quot;:&quot;&quot;,&quot;sizes&quot;:[]},&quot;classic_row_gap_mobile&quot;:{&quot;unit&quot;:&quot;px&quot;,&quot;size&quot;:&quot;&quot;,&quot;sizes&quot;:[]}}\" data-widget_type=\"posts.classic\">\n\t\t\t\t<div class=\"elementor-widget-container\">\n\t\t\t\t\t\t\t<div class=\"elementor-posts-container elementor-posts elementor-posts--skin-classic elementor-grid\" role=\"list\">\n\t\t\t\t<article class=\"elementor-post elementor-grid-item post-576 post type-post status-publish format-standard has-post-thumbnail hentry category-aktuality\" role=\"listitem\">\n\t\t\t\t<a class=\"elementor-post__thumbnail__link\" href=\"https:\/\/radka.tvorbawebu.online\/en\/nabidka-studijnich-a-badatelskych-stipendii-pro-pobyty-v-nemecku\/\" tabindex=\"-1\" >\n\t\t\t<div class=\"elementor-post__thumbnail\"><img decoding=\"async\" width=\"300\" height=\"132\" src=\"https:\/\/radka.tvorbawebu.online\/wp-content\/uploads\/2025\/10\/studium-300x132.jpg\" class=\"attachment-medium size-medium wp-image-579\" alt=\"\" srcset=\"https:\/\/radka.tvorbawebu.online\/wp-content\/uploads\/2025\/10\/studium-300x132.jpg 300w, https:\/\/radka.tvorbawebu.online\/wp-content\/uploads\/2025\/10\/studium-1024x452.jpg 1024w, https:\/\/radka.tvorbawebu.online\/wp-content\/uploads\/2025\/10\/studium-768x339.jpg 768w, https:\/\/radka.tvorbawebu.online\/wp-content\/uploads\/2025\/10\/studium-18x8.jpg 18w, https:\/\/radka.tvorbawebu.online\/wp-content\/uploads\/2025\/10\/studium.jpg 1280w\" sizes=\"(max-width: 300px) 100vw, 300px\" \/><\/div>\n\t\t<\/a>\n\t\t\t\t<div class=\"elementor-post__text\">\n\t\t\t\t<h3 class=\"elementor-post__title\">\n\t\t\t<a href=\"https:\/\/radka.tvorbawebu.online\/en\/nabidka-studijnich-a-badatelskych-stipendii-pro-pobyty-v-nemecku\/\" >\n\t\t\t\tNab\u00eddka studijn\u00edch a badatelsk\u00fdch stipendi\u00ed pro pobyty v N\u011bmecku\t\t\t<\/a>\n\t\t<\/h3>\n\t\t\t\t<div class=\"elementor-post__meta-data\">\n\t\t\t\t\t<span class=\"elementor-post-date\">\n\t\t\tOctober 15, 2025\t\t<\/span>\n\t\t\t\t<span class=\"elementor-post-avatar\">\n\t\t\tNo Comments\t\t<\/span>\n\t\t\t\t<\/div>\n\t\t\t\t<div class=\"elementor-post__excerpt\">\n\t\t\t<p>NAB\u00cdDKA: STUDIJN\u00cd A BADATELSK\u00c1 STIPENDIA PRO POBYTY V N\u011aMECKU<br \/>\n\ud83d\udc49 N\u011bmeck\u00e1 katolick\u00e1 stipendijn\u00ed organizace KAAD nab\u00edz\u00ed stipendia pro k\u0159es\u0165ansk\u00e9 studenty, absolventy a mlad\u00e9 badatele z \u010cR v r\u00e1mci programu V\u00fdchodn\u00ed Evropa. <\/p>\n\t\t<\/div>\n\t\t\n\t\t<a class=\"elementor-post__read-more\" href=\"https:\/\/radka.tvorbawebu.online\/en\/nabidka-studijnich-a-badatelskych-stipendii-pro-pobyty-v-nemecku\/\" aria-label=\"Read more about Nab\u00eddka studijn\u00edch a badatelsk\u00fdch stipendi\u00ed pro pobyty v N\u011bmecku\" tabindex=\"-1\" >\n\t\t\tV\u00edce...\t\t<\/a>\n\n\t\t\t\t<\/div>\n\t\t\t\t<\/article>\n\t\t\t\t<article class=\"elementor-post elementor-grid-item post-409 post type-post status-publish format-standard has-post-thumbnail hentry category-aktuality\" role=\"listitem\">\n\t\t\t\t<a class=\"elementor-post__thumbnail__link\" href=\"https:\/\/radka.tvorbawebu.online\/en\/university-of-groningen-dvojity-doktorat\/\" tabindex=\"-1\" >\n\t\t\t<div class=\"elementor-post__thumbnail\"><img fetchpriority=\"high\" decoding=\"async\" width=\"300\" height=\"225\" src=\"https:\/\/radka.tvorbawebu.online\/wp-content\/uploads\/2025\/10\/IMG_7916-300x225.jpeg\" class=\"attachment-medium size-medium wp-image-875\" alt=\"\" srcset=\"https:\/\/radka.tvorbawebu.online\/wp-content\/uploads\/2025\/10\/IMG_7916-300x225.jpeg 300w, https:\/\/radka.tvorbawebu.online\/wp-content\/uploads\/2025\/10\/IMG_7916-16x12.jpeg 16w, https:\/\/radka.tvorbawebu.online\/wp-content\/uploads\/2025\/10\/IMG_7916.jpeg 640w\" sizes=\"(max-width: 300px) 100vw, 300px\" \/><\/div>\n\t\t<\/a>\n\t\t\t\t<div class=\"elementor-post__text\">\n\t\t\t\t<h3 class=\"elementor-post__title\">\n\t\t\t<a href=\"https:\/\/radka.tvorbawebu.online\/en\/university-of-groningen-dvojity-doktorat\/\" >\n\t\t\t\tUniversity of Groningen &#8211; Jedn\u00e1n\u00ed o dvojit\u00e9m doktor\u00e1tu\t\t\t<\/a>\n\t\t<\/h3>\n\t\t\t\t<div class=\"elementor-post__meta-data\">\n\t\t\t\t\t<span class=\"elementor-post-date\">\n\t\t\tOctober 13, 2025\t\t<\/span>\n\t\t\t\t<span class=\"elementor-post-avatar\">\n\t\t\tNo Comments\t\t<\/span>\n\t\t\t\t<\/div>\n\t\t\t\t<div class=\"elementor-post__excerpt\">\n\t\t\t<p>JEDN\u00c1N\u00cd O DVOJIT\u00c9M DOKTOR\u00c1TU<br \/>\nRadka \u017d\u00eddkov\u00e1 a Luk\u00e1\u0161 Nov\u00e1k z CMTF UP \u00fasp\u011b\u0161n\u011b dokon\u010dili Double Degree in Public Health \u2013 doktorsk\u00e9 studium pod dvoj\u00edm veden\u00edm diserta\u010dn\u00ed pr\u00e1ce, tzv. cotutelle, v r\u00e1mci spolupr\u00e1ce s University of Groningen.<\/p>\n\t\t<\/div>\n\t\t\n\t\t<a class=\"elementor-post__read-more\" href=\"https:\/\/radka.tvorbawebu.online\/en\/university-of-groningen-dvojity-doktorat\/\" aria-label=\"Read more about University of Groningen &#8211; Jedn\u00e1n\u00ed o dvojit\u00e9m doktor\u00e1tu\" tabindex=\"-1\" >\n\t\t\tV\u00edce...\t\t<\/a>\n\n\t\t\t\t<\/div>\n\t\t\t\t<\/article>\n\t\t\t\t<article class=\"elementor-post elementor-grid-item post-47 post type-post status-publish format-standard has-post-thumbnail hentry category-aktuality\" role=\"listitem\">\n\t\t\t\t<a class=\"elementor-post__thumbnail__link\" href=\"https:\/\/radka.tvorbawebu.online\/en\/socialni-konference-litomysl-2025\/\" tabindex=\"-1\" >\n\t\t\t<div class=\"elementor-post__thumbnail\"><img decoding=\"async\" width=\"300\" height=\"186\" src=\"https:\/\/radka.tvorbawebu.online\/wp-content\/uploads\/2025\/10\/Litomysl_uv-300x186.webp\" class=\"attachment-medium size-medium wp-image-765\" alt=\"\" srcset=\"https:\/\/radka.tvorbawebu.online\/wp-content\/uploads\/2025\/10\/Litomysl_uv-300x186.webp 300w, https:\/\/radka.tvorbawebu.online\/wp-content\/uploads\/2025\/10\/Litomysl_uv-1024x634.webp 1024w, https:\/\/radka.tvorbawebu.online\/wp-content\/uploads\/2025\/10\/Litomysl_uv-768x475.webp 768w, https:\/\/radka.tvorbawebu.online\/wp-content\/uploads\/2025\/10\/Litomysl_uv-18x12.webp 18w, https:\/\/radka.tvorbawebu.online\/wp-content\/uploads\/2025\/10\/Litomysl_uv.webp 1360w\" sizes=\"(max-width: 300px) 100vw, 300px\" \/><\/div>\n\t\t<\/a>\n\t\t\t\t<div class=\"elementor-post__text\">\n\t\t\t\t<h3 class=\"elementor-post__title\">\n\t\t\t<a href=\"https:\/\/radka.tvorbawebu.online\/en\/socialni-konference-litomysl-2025\/\" >\n\t\t\t\tSoci\u00e1ln\u00ed konference Litomy\u0161l 2025\t\t\t<\/a>\n\t\t<\/h3>\n\t\t\t\t<div class=\"elementor-post__meta-data\">\n\t\t\t\t\t<span class=\"elementor-post-date\">\n\t\t\tOctober 10, 2025\t\t<\/span>\n\t\t\t\t<span class=\"elementor-post-avatar\">\n\t\t\tNo Comments\t\t<\/span>\n\t\t\t\t<\/div>\n\t\t\t\t<div class=\"elementor-post__excerpt\">\n\t\t\t<p>NA\u0160I AKADEMICI MLUVILI O RESILIENCI SOCI\u00c1LN\u00cdCH PRACOVN\u00cdK\u016e NA KONFERENCI V LITOMY\u0160LI<br \/>\nDr. Zden\u011bk Meier a dr. Krist\u00fdna G\u00e1bov\u00e1 vystoupili 11. z\u00e1\u0159\u00ed na odborn\u00e9 konferenci \u00bbSou\u010dasnost a perspektiva soci\u00e1ln\u00ed p\u00e9\u010de 2025\u00ab.<\/p>\n\t\t<\/div>\n\t\t\n\t\t<a class=\"elementor-post__read-more\" href=\"https:\/\/radka.tvorbawebu.online\/en\/socialni-konference-litomysl-2025\/\" aria-label=\"Read more about Soci\u00e1ln\u00ed konference Litomy\u0161l 2025\" tabindex=\"-1\" >\n\t\t\tV\u00edce...\t\t<\/a>\n\n\t\t\t\t<\/div>\n\t\t\t\t<\/article>\n\t\t\t\t<article class=\"elementor-post elementor-grid-item post-354 post type-post status-publish format-standard has-post-thumbnail hentry category-aktuality\" role=\"listitem\">\n\t\t\t\t<a class=\"elementor-post__thumbnail__link\" href=\"https:\/\/radka.tvorbawebu.online\/en\/prof-jan-smarda-je-dobre-si-uvedomit-cas\/\" tabindex=\"-1\" >\n\t\t\t<div class=\"elementor-post__thumbnail\"><img loading=\"lazy\" decoding=\"async\" width=\"300\" height=\"225\" src=\"https:\/\/radka.tvorbawebu.online\/wp-content\/uploads\/2025\/09\/Columbia_river-300x225.jpeg\" class=\"attachment-medium size-medium wp-image-216\" alt=\"\" srcset=\"https:\/\/radka.tvorbawebu.online\/wp-content\/uploads\/2025\/09\/Columbia_river-300x225.jpeg 300w, https:\/\/radka.tvorbawebu.online\/wp-content\/uploads\/2025\/09\/Columbia_river-1024x768.jpeg 1024w, https:\/\/radka.tvorbawebu.online\/wp-content\/uploads\/2025\/09\/Columbia_river-768x576.jpeg 768w, https:\/\/radka.tvorbawebu.online\/wp-content\/uploads\/2025\/09\/Columbia_river-1536x1152.jpeg 1536w, https:\/\/radka.tvorbawebu.online\/wp-content\/uploads\/2025\/09\/Columbia_river-16x12.jpeg 16w, https:\/\/radka.tvorbawebu.online\/wp-content\/uploads\/2025\/09\/Columbia_river.jpeg 2048w\" sizes=\"(max-width: 300px) 100vw, 300px\" \/><\/div>\n\t\t<\/a>\n\t\t\t\t<div class=\"elementor-post__text\">\n\t\t\t\t<h3 class=\"elementor-post__title\">\n\t\t\t<a href=\"https:\/\/radka.tvorbawebu.online\/en\/prof-jan-smarda-je-dobre-si-uvedomit-cas\/\" >\n\t\t\t\tProf. Jan \u0160marda: Je dobr\u00e9 si uv\u011bdomit, \u017ee \u010das je omezen\u00fd a neodkl\u00e1dat pln\u011bn\u00ed sn\u016f\t\t\t<\/a>\n\t\t<\/h3>\n\t\t\t\t<div class=\"elementor-post__meta-data\">\n\t\t\t\t\t<span class=\"elementor-post-date\">\n\t\t\tOctober 9, 2025\t\t<\/span>\n\t\t\t\t<span class=\"elementor-post-avatar\">\n\t\t\tNo Comments\t\t<\/span>\n\t\t\t\t<\/div>\n\t\t\t\t<div class=\"elementor-post__excerpt\">\n\t\t\t<p>Jak a pro\u010d se bu\u0148ky v lidsk\u00e9m t\u011ble obm\u011b\u0148uj\u00ed? Jak\u00e1 je bun\u011b\u010dn\u00e1 filozofie \u017eivota? Jak prof. \u0160marda vn\u00edm\u00e1 fakt, \u017ee p\u0159edn\u00e1\u0161\u00ed podle knihy sv\u00e9 zesnul\u00e9 man\u017eelky? Co pot\u0159ebuje \u010dlov\u011bk, kter\u00fd je tv\u00e1\u0159\u00ed v tv\u00e1\u0159 smrti? Jak na n\u00e1s p\u016fsob\u00ed dlouhodob\u00fd stres?<\/p>\n\t\t<\/div>\n\t\t\n\t\t<a class=\"elementor-post__read-more\" href=\"https:\/\/radka.tvorbawebu.online\/en\/prof-jan-smarda-je-dobre-si-uvedomit-cas\/\" aria-label=\"Read more about Prof. Jan \u0160marda: Je dobr\u00e9 si uv\u011bdomit, \u017ee \u010das je omezen\u00fd a neodkl\u00e1dat pln\u011bn\u00ed sn\u016f\" tabindex=\"-1\" >\n\t\t\tV\u00edce...\t\t<\/a>\n\n\t\t\t\t<\/div>\n\t\t\t\t<\/article>\n\t\t\t\t<article class=\"elementor-post elementor-grid-item post-227 post type-post status-publish format-standard has-post-thumbnail hentry category-aktuality\" role=\"listitem\">\n\t\t\t\t<a class=\"elementor-post__thumbnail__link\" href=\"https:\/\/radka.tvorbawebu.online\/en\/spiritualita\/\" tabindex=\"-1\" >\n\t\t\t<div class=\"elementor-post__thumbnail\"><img loading=\"lazy\" decoding=\"async\" width=\"300\" height=\"200\" src=\"https:\/\/radka.tvorbawebu.online\/wp-content\/uploads\/2025\/10\/trees-8563877_1280-300x200.jpg\" class=\"attachment-medium size-medium wp-image-491\" alt=\"\" srcset=\"https:\/\/radka.tvorbawebu.online\/wp-content\/uploads\/2025\/10\/trees-8563877_1280-300x200.jpg 300w, https:\/\/radka.tvorbawebu.online\/wp-content\/uploads\/2025\/10\/trees-8563877_1280-1024x682.jpg 1024w, https:\/\/radka.tvorbawebu.online\/wp-content\/uploads\/2025\/10\/trees-8563877_1280-768x511.jpg 768w, https:\/\/radka.tvorbawebu.online\/wp-content\/uploads\/2025\/10\/trees-8563877_1280-18x12.jpg 18w, https:\/\/radka.tvorbawebu.online\/wp-content\/uploads\/2025\/10\/trees-8563877_1280.jpg 1280w\" sizes=\"(max-width: 300px) 100vw, 300px\" \/><\/div>\n\t\t<\/a>\n\t\t\t\t<div class=\"elementor-post__text\">\n\t\t\t\t<h3 class=\"elementor-post__title\">\n\t\t\t<a href=\"https:\/\/radka.tvorbawebu.online\/en\/spiritualita\/\" >\n\t\t\t\tSpiritualita a zdrav\u00ed: Dr. Kl\u00e1ra Mali\u0148\u00e1kov\u00e1 v dokumentu \u010cesk\u00e9 televize\t\t\t<\/a>\n\t\t<\/h3>\n\t\t\t\t<div class=\"elementor-post__meta-data\">\n\t\t\t\t\t<span class=\"elementor-post-date\">\n\t\t\tOctober 8, 2025\t\t<\/span>\n\t\t\t\t<span class=\"elementor-post-avatar\">\n\t\t\tNo Comments\t\t<\/span>\n\t\t\t\t<\/div>\n\t\t\t\t<div class=\"elementor-post__excerpt\">\n\t\t\t<p>M\u016f\u017ee v\u00edra ovliv\u0148ovat zdrav\u00ed? A jakou roli hraje duchovn\u00ed rozm\u011br v p\u00e9\u010di o \u010dlov\u011bka jako celek \u2013 tedy t\u011blesn\u011b, psychicky i duchovn\u011b? T\u011bmto ot\u00e1zk\u00e1m se v\u011bnuje dokument \u010cesk\u00e9 televize z cyklu Cesty v\u00edry.<\/p>\n\t\t<\/div>\n\t\t\n\t\t<a class=\"elementor-post__read-more\" href=\"https:\/\/radka.tvorbawebu.online\/en\/spiritualita\/\" aria-label=\"Read more about Spiritualita a zdrav\u00ed: Dr. Kl\u00e1ra Mali\u0148\u00e1kov\u00e1 v dokumentu \u010cesk\u00e9 televize\" tabindex=\"-1\" >\n\t\t\tV\u00edce...\t\t<\/a>\n\n\t\t\t\t<\/div>\n\t\t\t\t<\/article>\n\t\t\t\t<\/div>\n\t\t\n\t\t\t\t\t\t<\/div>\n\t\t\t\t<\/div>\n\t\t\t\t\t<\/div>\n\t\t\t\t<\/div>\n\t\t\t\t<\/div>","protected":false},"excerpt":{"rendered":"<p>V\u00fdzkumV\u00edce informac\u00edVzd\u011bl\u00e1v\u00e1n\u00edV\u00edce informac\u00edPsychoterapeutick\u00fd v\u00fdcvikV\u00edce informac\u00edTerapeutick\u00e9 centrumV\u00edce informac\u00ed Aktuality<\/p>","protected":false},"author":1,"featured_media":0,"parent":0,"menu_order":0,"comment_status":"closed","ping_status":"closed","template":"elementor_header_footer","meta":{"site-sidebar-layout":"no-sidebar","site-content-layout":"","ast-site-content-layout":"full-width-container","site-content-style":"default","site-sidebar-style":"default","ast-global-header-display":"","ast-banner-title-visibility":"","ast-main-header-display":"","ast-hfb-above-header-display":"","ast-hfb-below-header-display":"","ast-hfb-mobile-header-display":"","site-post-title":"disabled","ast-breadcrumbs-content":"","ast-featured-img":"disabled","footer-sml-layout":"","ast-disable-related-posts":"","theme-transparent-header-meta":"","adv-header-id-meta":"","stick-header-meta":"","header-above-stick-meta":"","header-main-stick-meta":"","header-below-stick-meta":"","astra-migrate-meta-layouts":"default","ast-page-background-enabled":"default","ast-page-background-meta":{"desktop":{"background-color":"var(--ast-global-color-5)","background-image":"","background-repeat":"repeat","background-position":"center center","background-size":"auto","background-attachment":"scroll","background-type":"","background-media":"","overlay-type":"","overlay-color":"","overlay-opacity":"","overlay-gradient":""},"tablet":{"background-color":"","background-image":"","background-repeat":"repeat","background-position":"center center","background-size":"auto","background-attachment":"scroll","background-type":"","background-media":"","overlay-type":"","overlay-color":"","overlay-opacity":"","overlay-gradient":""},"mobile":{"background-color":"","background-image":"","background-repeat":"repeat","background-position":"center center","background-size":"auto","background-attachment":"scroll","background-type":"","background-media":"","overlay-type":"","overlay-color":"","overlay-opacity":"","overlay-gradient":""}},"ast-content-background-meta":{"desktop":{"background-color":"var(--ast-global-color-4)","background-image":"","background-repeat":"repeat","background-position":"center center","background-size":"auto","background-attachment":"scroll","background-type":"","background-media":"","overlay-type":"","overlay-color":"","overlay-opacity":"","overlay-gradient":""},"tablet":{"background-color":"var(--ast-global-color-4)","background-image":"","background-repeat":"repeat","background-position":"center center","background-size":"auto","background-attachment":"scroll","background-type":"","background-media":"","overlay-type":"","overlay-color":"","overlay-opacity":"","overlay-gradient":""},"mobile":{"background-color":"var(--ast-global-color-4)","background-image":"","background-repeat":"repeat","background-position":"center center","background-size":"auto","background-attachment":"scroll","background-type":"","background-media":"","overlay-type":"","overlay-color":"","overlay-opacity":"","overlay-gradient":""}},"footnotes":""},"class_list":["post-86","page","type-page","status-publish","hentry"],"aioseo_notices":[],"_links":{"self":[{"href":"https:\/\/radka.tvorbawebu.online\/en\/wp-json\/wp\/v2\/pages\/86","targetHints":{"allow":["GET"]}}],"collection":[{"href":"https:\/\/radka.tvorbawebu.online\/en\/wp-json\/wp\/v2\/pages"}],"about":[{"href":"https:\/\/radka.tvorbawebu.online\/en\/wp-json\/wp\/v2\/types\/page"}],"author":[{"embeddable":true,"href":"https:\/\/radka.tvorbawebu.online\/en\/wp-json\/wp\/v2\/users\/1"}],"replies":[{"embeddable":true,"href":"https:\/\/radka.tvorbawebu.online\/en\/wp-json\/wp\/v2\/comments?post=86"}],"version-history":[{"count":98,"href":"https:\/\/radka.tvorbawebu.online\/en\/wp-json\/wp\/v2\/pages\/86\/revisions"}],"predecessor-version":[{"id":912,"href":"https:\/\/radka.tvorbawebu.online\/en\/wp-json\/wp\/v2\/pages\/86\/revisions\/912"}],"wp:attachment":[{"href":"https:\/\/radka.tvorbawebu.online\/en\/wp-json\/wp\/v2\/media?parent=86"}],"curies":[{"name":"wp","href":"https:\/\/api.w.org\/{rel}","templated":true}]}}