{"id":896,"date":"2025-11-03T16:39:23","date_gmt":"2025-11-03T16:39:23","guid":{"rendered":"https:\/\/radka.tvorbawebu.online\/?page_id=896"},"modified":"2025-11-04T11:43:18","modified_gmt":"2025-11-04T11:43:18","slug":"vzdelavani","status":"publish","type":"page","link":"https:\/\/radka.tvorbawebu.online\/en\/vzdelavani\/","title":{"rendered":"Vzd\u011bl\u00e1v\u00e1n\u00ed"},"content":{"rendered":"<div data-elementor-type=\"wp-page\" data-elementor-id=\"896\" class=\"elementor elementor-896\" data-elementor-post-type=\"page\">\n\t\t\t\t<div class=\"elementor-element elementor-element-1df211c e-flex e-con-boxed e-con e-parent\" data-id=\"1df211c\" data-element_type=\"container\" data-e-type=\"container\" data-settings=\"{&quot;background_background&quot;:&quot;classic&quot;}\">\n\t\t\t\t\t<div class=\"e-con-inner\">\n\t\t\t\t<div class=\"elementor-element elementor-element-05e37c7 elementor-widget elementor-widget-text-editor\" data-id=\"05e37c7\" data-element_type=\"widget\" data-e-type=\"widget\" data-widget_type=\"text-editor.default\">\n\t\t\t\t\t\t\t\t\t<h2>Vzd\u011bl\u00e1v\u00e1n\u00ed<\/h2>\t\t\t\t\t\t\t\t<\/div>\n\t\t\t\t<div class=\"elementor-element elementor-element-92ece2c elementor-widget elementor-widget-image\" data-id=\"92ece2c\" data-element_type=\"widget\" data-e-type=\"widget\" data-widget_type=\"image.default\">\n\t\t\t\t\t\t\t\t\t\t\t\t\t\t\t<img fetchpriority=\"high\" decoding=\"async\" width=\"1280\" height=\"851\" src=\"https:\/\/radka.tvorbawebu.online\/wp-content\/uploads\/2025\/11\/vzdelavani.jpg\" class=\"attachment-1536x1536 size-1536x1536 wp-image-913\" alt=\"\" srcset=\"https:\/\/radka.tvorbawebu.online\/wp-content\/uploads\/2025\/11\/vzdelavani.jpg 1280w, https:\/\/radka.tvorbawebu.online\/wp-content\/uploads\/2025\/11\/vzdelavani-300x199.jpg 300w, https:\/\/radka.tvorbawebu.online\/wp-content\/uploads\/2025\/11\/vzdelavani-1024x681.jpg 1024w, https:\/\/radka.tvorbawebu.online\/wp-content\/uploads\/2025\/11\/vzdelavani-768x511.jpg 768w, https:\/\/radka.tvorbawebu.online\/wp-content\/uploads\/2025\/11\/vzdelavani-18x12.jpg 18w\" sizes=\"(max-width: 1280px) 100vw, 1280px\" \/>\t\t\t\t\t\t\t\t\t\t\t\t\t\t\t<\/div>\n\t\t\t\t<div class=\"elementor-element elementor-element-de60e36 elementor-widget elementor-widget-text-editor\" data-id=\"de60e36\" data-element_type=\"widget\" data-e-type=\"widget\" data-widget_type=\"text-editor.default\">\n\t\t\t\t\t\t\t\t\t<h3 data-start=\"161\" data-end=\"228\">Vzd\u011bl\u00e1v\u00e1n\u00ed a v\u00fdzkum v oblasti zdrav\u00ed jako na\u0161e hlavn\u00ed posl\u00e1n\u00ed<\/h3><p data-start=\"230\" data-end=\"516\">Vzd\u011bl\u00e1v\u00e1n\u00ed v oblasti zdrav\u00ed a systematick\u00e1 realizace v\u00fdzkumu p\u0159edstavuj\u00ed z\u00e1kladn\u00ed pil\u00ed\u0159e na\u0161eho akademick\u00e9ho p\u016fsoben\u00ed. Na\u0161\u00edm c\u00edlem je rozv\u00edjet odborn\u00e9 kompetence, podn\u011bcovat kritick\u00e9 my\u0161len\u00ed a podporovat mezioborovou spolupr\u00e1ci v oblasti psychologie, soci\u00e1ln\u00ed pr\u00e1ce a zdravotn\u00edch v\u011bd.<\/p><p data-start=\"518\" data-end=\"728\">Nab\u00edz\u00edme <strong data-start=\"527\" data-end=\"570\">navazuj\u00edc\u00ed magistersk\u00fd studijn\u00ed program<\/strong> na pomez\u00ed <strong data-start=\"581\" data-end=\"613\">soci\u00e1ln\u00ed pr\u00e1ce a psychologie<\/strong>, kter\u00fd integruje teoretick\u00e9 poznatky s praktickou p\u0159\u00edpravou pro v\u00fdkon odborn\u00e9 \u010dinnosti v pom\u00e1haj\u00edc\u00edch profes\u00edch.<\/p><p data-start=\"730\" data-end=\"933\">Sou\u010d\u00e1st\u00ed na\u0161\u00ed vzd\u011bl\u00e1vac\u00ed nab\u00eddky je rovn\u011b\u017e <strong data-start=\"773\" data-end=\"812\">komplexn\u00ed psychoterapeutick\u00fd v\u00fdcvik<\/strong>, <strong data-start=\"814\" data-end=\"851\">postgradu\u00e1ln\u00ed vzd\u011bl\u00e1vac\u00ed programy<\/strong> a <strong data-start=\"854\" data-end=\"882\">odborn\u00e9 kurzy a semin\u00e1\u0159e<\/strong> ur\u010den\u00e9 pro odborn\u00edky i \u0161ir\u0161\u00ed odbornou ve\u0159ejnost.<\/p><p data-start=\"935\" data-end=\"1210\">Na\u0161e instituce vytv\u00e1\u0159\u00ed prost\u0159ed\u00ed, kter\u00e9 podporuje <strong data-start=\"985\" data-end=\"1007\">v\u011bdeckou excelenci<\/strong>, <strong data-start=\"1009\" data-end=\"1030\">osobnostn\u00ed rozvoj<\/strong> a <strong data-start=\"1033\" data-end=\"1068\">eticky ukotven\u00fd p\u0159\u00edstup k praxi<\/strong>. V\u011b\u0159\u00edme, \u017ee propojen\u00ed v\u00fdzkumu, vzd\u011bl\u00e1v\u00e1n\u00ed a profesn\u00ed zku\u0161enosti je kl\u00ed\u010dem k inovativn\u00edmu rozvoji oboru i k podpo\u0159e zdrav\u00ed cel\u00e9 spole\u010dnosti.<\/p>\t\t\t\t\t\t\t\t<\/div>\n\t\t\t\t\t<\/div>\n\t\t\t\t<\/div>\n\t\t<div class=\"elementor-element elementor-element-ae5cb84 e-flex e-con-boxed e-con e-parent\" data-id=\"ae5cb84\" data-element_type=\"container\" data-e-type=\"container\">\n\t\t\t\t\t<div class=\"e-con-inner\">\n\t\t\t\t\t<\/div>\n\t\t\t\t<\/div>\n\t\t\t\t<\/div>","protected":false},"excerpt":{"rendered":"<p>Vzd\u011bl\u00e1v\u00e1n\u00ed Vzd\u011bl\u00e1v\u00e1n\u00ed a v\u00fdzkum v oblasti zdrav\u00ed jako na\u0161e hlavn\u00ed posl\u00e1n\u00ed Vzd\u011bl\u00e1v\u00e1n\u00ed v oblasti zdrav\u00ed a systematick\u00e1 realizace v\u00fdzkumu p\u0159edstavuj\u00ed [&hellip;]<\/p>\n","protected":false},"author":1,"featured_media":0,"parent":0,"menu_order":0,"comment_status":"closed","ping_status":"closed","template":"elementor_header_footer","meta":{"site-sidebar-layout":"no-sidebar","site-content-layout":"","ast-site-content-layout":"full-width-container","site-content-style":"default","site-sidebar-style":"default","ast-global-header-display":"","ast-banner-title-visibility":"","ast-main-header-display":"","ast-hfb-above-header-display":"","ast-hfb-below-header-display":"","ast-hfb-mobile-header-display":"","site-post-title":"disabled","ast-breadcrumbs-content":"","ast-featured-img":"disabled","footer-sml-layout":"","ast-disable-related-posts":"","theme-transparent-header-meta":"","adv-header-id-meta":"","stick-header-meta":"","header-above-stick-meta":"","header-main-stick-meta":"","header-below-stick-meta":"","astra-migrate-meta-layouts":"default","ast-page-background-enabled":"default","ast-page-background-meta":{"desktop":{"background-color":"var(--ast-global-color-5)","background-image":"","background-repeat":"repeat","background-position":"center center","background-size":"auto","background-attachment":"scroll","background-type":"","background-media":"","overlay-type":"","overlay-color":"","overlay-opacity":"","overlay-gradient":""},"tablet":{"background-color":"","background-image":"","background-repeat":"repeat","background-position":"center center","background-size":"auto","background-attachment":"scroll","background-type":"","background-media":"","overlay-type":"","overlay-color":"","overlay-opacity":"","overlay-gradient":""},"mobile":{"background-color":"","background-image":"","background-repeat":"repeat","background-position":"center center","background-size":"auto","background-attachment":"scroll","background-type":"","background-media":"","overlay-type":"","overlay-color":"","overlay-opacity":"","overlay-gradient":""}},"ast-content-background-meta":{"desktop":{"background-color":"var(--ast-global-color-4)","background-image":"","background-repeat":"repeat","background-position":"center center","background-size":"auto","background-attachment":"scroll","background-type":"","background-media":"","overlay-type":"","overlay-color":"","overlay-opacity":"","overlay-gradient":""},"tablet":{"background-color":"var(--ast-global-color-4)","background-image":"","background-repeat":"repeat","background-position":"center center","background-size":"auto","background-attachment":"scroll","background-type":"","background-media":"","overlay-type":"","overlay-color":"","overlay-opacity":"","overlay-gradient":""},"mobile":{"background-color":"var(--ast-global-color-4)","background-image":"","background-repeat":"repeat","background-position":"center center","background-size":"auto","background-attachment":"scroll","background-type":"","background-media":"","overlay-type":"","overlay-color":"","overlay-opacity":"","overlay-gradient":""}},"footnotes":""},"class_list":["post-896","page","type-page","status-publish","hentry"],"aioseo_notices":[],"_links":{"self":[{"href":"https:\/\/radka.tvorbawebu.online\/en\/wp-json\/wp\/v2\/pages\/896","targetHints":{"allow":["GET"]}}],"collection":[{"href":"https:\/\/radka.tvorbawebu.online\/en\/wp-json\/wp\/v2\/pages"}],"about":[{"href":"https:\/\/radka.tvorbawebu.online\/en\/wp-json\/wp\/v2\/types\/page"}],"author":[{"embeddable":true,"href":"https:\/\/radka.tvorbawebu.online\/en\/wp-json\/wp\/v2\/users\/1"}],"replies":[{"embeddable":true,"href":"https:\/\/radka.tvorbawebu.online\/en\/wp-json\/wp\/v2\/comments?post=896"}],"version-history":[{"count":17,"href":"https:\/\/radka.tvorbawebu.online\/en\/wp-json\/wp\/v2\/pages\/896\/revisions"}],"predecessor-version":[{"id":928,"href":"https:\/\/radka.tvorbawebu.online\/en\/wp-json\/wp\/v2\/pages\/896\/revisions\/928"}],"wp:attachment":[{"href":"https:\/\/radka.tvorbawebu.online\/en\/wp-json\/wp\/v2\/media?parent=896"}],"curies":[{"name":"wp","href":"https:\/\/api.w.org\/{rel}","templated":true}]}}